{"id":74,"date":"2018-08-23T10:57:16","date_gmt":"2018-08-23T10:57:16","guid":{"rendered":"http:\/\/extendthemes.com\/demos\/mesmerize-pro-lawyer\/mesmerize-pro\/"},"modified":"2026-04-05T19:37:39","modified_gmt":"2026-04-05T19:37:39","slug":"mesmerize-pro","status":"publish","type":"page","link":"https:\/\/www.nobregaethurler.com\/zh\/","title":{"rendered":"Front Page"},"content":{"rendered":"<div  data-label=\"Overlappable\" data-id=\"overlappable--1\" data-export-id=\"overlappable-5\" data-category=\"overlappable\" class=\"overlappable-5 content-section content-section-spacing\" data-overlap=\"true\" id=\"overlappable-1\" style=\"background-color: rgb(245, 245, 245); background-image: none;\"><div  class=\"gridContainer\"> <div  data-type=\"row\" class=\"row shadow-medium bg-color-white\"><div  class=\"col-xs-12 col-sm-4 col-padding col-padding-xs bg-color-white col-md-4\"> <div  class=\"row middle-sm\"><div  class=\"col-xs-12 col-md-3\"> <i  class=\"fa icon fa-balance-scale big color1\"><\/i><\/div> <div  data-type=\"column\" class=\"col-xs-12 col-md-9\"><h5  class=\"\" data-lt-tmp-id=\"lt-217375\" data-gramm=\"false\">\u8bc9\u8bbc\u4e1a\u52a1<\/h5><\/div> <\/div> <div  class=\"row\"> <div  class=\"col-xs-12 col-sm-12\" data-type=\"column\"> <p  class=\"\">\u6211\u4eec\u4ece\u4e8b\u53f8\u6cd5\u3001\u884c\u653f\u53ca\u6218\u7565\u6027\u8bc9\u8bbc\u4e1a\u52a1\u3002<\/p> <\/div> <\/div><\/div> <div  class=\"col-xs-12 col-sm-4 col-padding col-padding-xs bg-color-white col-md-4\"><div  class=\"row middle-sm\"> <div  class=\"col-xs-12 col-md-3\"><i  class=\"fa icon fa-group big color1\"><\/i><\/div> <div  data-type=\"column\" class=\"col-xs-12 col-md-9\"><h5  class=\"\" data-lt-tmp-id=\"lt-708509\" data-gramm=\"false\">\u89c4\u5212<\/h5><\/div> <\/div> <div  class=\"row\"> <div  class=\"col-xs-12 col-sm-12\" data-type=\"column\"> <p  class=\"\" data-lt-tmp-id=\"lt-381702\" data-gramm=\"false\">\u6211\u4eec\u63d0\u4f9b\u7a0e\u52a1\u89c4\u5212\u548c\u516c\u53f8\u7ed3\u6784\u8bbe\u8ba1\u3002<\/p> <\/div> <\/div><\/div> <div  class=\"col-xs-12 col-sm-4 col-padding col-padding-xs bg-color-white col-md-4\"><div  class=\"row middle-sm\"> <div  class=\"col-xs-12 col-md-3\"><i  class=\"fa icon fa-bank big color1\"><\/i><\/div> <div  data-type=\"column\" class=\"col-xs-12 col-md-9\"><h5  class=\"\" data-lt-tmp-id=\"lt-160265\" data-gramm=\"false\">\u54a8\u8be2<\/h5><\/div> <\/div> <div  class=\"row\"> <div  class=\"col-xs-12 col-sm-12\" data-type=\"column\"> <p  class=\"\" data-lt-tmp-id=\"lt-911581\" data-gramm=\"false\">\u6211\u4eec\u63d0\u4f9b\u4e13\u4e1a\u7684\u6cd5\u5f8b\u54a8\u8be2\u670d\u52a1\uff0c\u5305\u62ec\u51fa\u5177\u6280\u672f\u6027\u6cd5\u5f8b\u610f\u89c1\u4e66\u3002<\/p> <\/div> <\/div><\/div> <\/div><\/div> <\/div><div  data-label=\"About\" data-id=\"content--1\" data-export-id=\"content-7\" data-category=\"content\" class=\"content-7 content-section content-section-spacing\" id=\"about\" style=\"background-color: rgb(255, 255, 255); background-image: none;\"><div  class=\"gridContainer\"> <div  class=\"row middle-sm\"><div  class=\"col-sm-6 space-bottom-xs\" data-type=\"column\"> <h2  class=\"\" data-lt-tmp-id=\"lt-799792\" data-gramm=\"false\">\u6211\u4eec\u662f\u8c01<\/h2> <p  class=\"\" data-lt-tmp-id=\"lt-183457\" data-gramm=\"false\" style=\"text-align: justify;\">\u7531\u5728\u9ad8\u590d\u6742\u5ea6\u8bc9\u8bbc\u9886\u57df\u62e5\u670920\u591a\u5e74\u7ecf\u9a8c\u7684\u5408\u4f19\u4eba\u521b\u7acb\u5e76\u9886\u5bfc\uff0cN\u00f3brega &amp; Thurler \u5f8b\u5e08\u4e8b\u52a1\u6240\u6c47\u805a\u4e86\u4e00\u652f\u9ad8\u5ea6\u4e13\u4e1a\u5316\u7684\u56e2\u961f\uff0c\u81f4\u529b\u4e8e\u63d0\u4f9b\u9ad8\u6548\u4e14\u53ef\u9760\u7684\u6cd5\u5f8b\u89e3\u51b3\u65b9\u6848\u3002\n<br ><br >\u672c\u6240\u56e0\u5176\u5353\u8d8a\u7684\u4e13\u4e1a\u6280\u672f\u3001\u804c\u4e1a\u9053\u5fb7\u548c\u5ba2\u89c2\u6027\u800c\u5e7f\u53d7\u8ba4\u53ef\uff0c\u4e1a\u52a1\u6db5\u76d6\u6218\u7565\u6027\u8bc9\u8bbc\u53ca\u4f01\u4e1a\u6cd5\u5f8b\u54a8\u8be2\uff0c\u6d89\u53ca\u6c11\u6cd5\u3001\u516c\u53f8\u6cd5\u3001\u5546\u6cd5\u3001\u884c\u653f\u6cd5\u3001\u76d1\u7ba1\u6cd5\u3001\u7834\u4ea7\u6cd5\u3001\u94f6\u884c\u6cd5\u3001\u4fdd\u9669\u6cd5\u3001\u73af\u5883\u6cd5\u3001\u7ade\u4e89\u6cd5\u53ca\u9009\u4e3e\u6cd5\u7b49\u9886\u57df\uff0c\u4ee3\u7406\u56fd\u5185\u5916\u4f01\u4e1a\u3001\u91d1\u878d\u673a\u6784\u3001\u516c\u7528\u4e8b\u4e1a\u7279\u8bb8\u7ecf\u8425\u5546\u53ca\u5404\u7c7b\u534f\u4f1a\u3002\n<br ><br >N\u00f3brega &amp; Thurler \u5f8b\u5e08\u4e8b\u52a1\u6240\u5728\u91cc\u7ea6\u70ed\u5185\u5362\u548c\u5723\u4fdd\u7f57\u8bbe\u6709\u81ea\u6709\u529e\u516c\u5ba4\uff0c\u5e76\u4e0e\u5df4\u897f\u53ca\u6d77\u5916\u7684\u5f8b\u6240\u5efa\u7acb\u5408\u4f5c\u5173\u7cfb\uff0c\u5c06\u4f20\u7edf\u3001\u4e13\u4e1a\u4e0e\u521b\u65b0\u76f8\u7ed3\u5408\uff0c\u63d0\u4f9b\u9ad8\u6c34\u51c6\u7684\u6cd5\u5f8b\u670d\u52a1\u3002\n<br ><br >\n\u6211\u4eec\u5bf9\u5b66\u672f\u57f9\u517b\u548c\u4e13\u4e1a\u5353\u8d8a\u7684\u6301\u7eed\u627f\u8bfa\u4f53\u73b0\u5728\u6211\u4eec\u7684\u56e2\u961f\u4e2d\uff0c\u5176\u6210\u5458\u5927\u591a\u62e5\u6709\u6765\u81ea\u5df4\u897f\u53ca\u6d77\u5916\u9876\u5c16\u5927\u5b66\u7684\u7855\u58eb\u548c\u535a\u58eb\u5b66\u4f4d\u3002<\/p> <a  class=\"button color1 square\" href=\"#\" target=\"_self\" data-cp-link=\"1\" data-icon=\"\">\u4e86\u89e3\u66f4\u591a<\/a><\/div> <div  class=\"col-sm-6\" data-type=\"column\"> <img  decoding=\"async\" class=\"shadow-large\" src=\"https:\/\/www.nobregaethurler.com\/wp-content\/uploads\/2025\/10\/cropped-Nobrega-e-Thurler.jpeg\" alt=\"\" title=\"cropped-Nobrega-e-Thurler.jpeg\"><\/div> <\/div><\/div> <\/div><div  data-label=\"Cta\" data-id=\"cta--2\" data-export-id=\"cta-centered-bg-section\" data-category=\"cta\" data-section-ov=\"1\" class=\"cta-centered-bg-section content-section content-section-spacing-medium white-text\" data-parallax-depth=\"20\" id=\"cta-2\" style=\"background-color: rgb(255, 255, 255); background-image: url(&quot;https:\/\/www.nobregaethurler.com\/wp-content\/uploads\/2018\/08\/case-law-677940_1920-2.jpg&quot;); background-size: cover; background-position: right top;\"><div  class=\"gridContainer\"> <div  class=\"row text-center\"><div  data-type=\"column\" class=\"\"> <img  decoding=\"async\" class=\"custom-image\" src=\"https:\/\/www.nobregaethurler.com\/wp-content\/uploads\/2018\/08\/logo-law-1-1.png\" alt=\"\" title=\"logo-law-(1)\"><p  class=\"\">___________________________________________________________<\/p><h2  class=\"\" data-lt-tmp-id=\"lt-757459\" data-gramm=\"false\"><span  style=\"font-weight: 300;\">\u5f8b\u5e08\u4e0d\u4ec5\u4e3a\u4e2a\u4eba\u8fa9\u62a4\uff0c\u4e5f\u634d\u536b\u4e8b\u4e1a\u4e0e\u539f\u5219\u3002&nbsp;<span  style=\"font-weight: 400;\">Rui Barbosa<\/span> <\/span><\/h2> <p  class=\"\">___________________________________________________________<\/p><\/div> <\/div><\/div> <\/div><div  data-label=\"Cases\" data-id=\"features--1\" data-export-id=\"features-16\" data-category=\"features\" class=\"features-16 content-section content-section-spacing\" id=\"cases\" style=\"background-color: rgb(255, 255, 255); background-image: none;\"><div  class=\"gridContainer\"> <div  class=\"row text-center\"><div  class=\"section-title-col\" data-type=\"column\"> <h2  class=\"\">\u4e3b\u8981\u4e1a\u52a1\u9886\u57df<\/h2> <p  class=\"lead\" data-lt-tmp-id=\"lt-343907\" data-gramm=\"false\" style=\"text-align: justify;\">\u51ed\u501f\u5728\u5168\u56fd\u5404\u7ea7\u6cd5\u9662\u3001\u4ef2\u88c1\u673a\u6784\u53ca\u516c\u5171\u884c\u653f\u673a\u5173\u4e2d\u7684\u7a81\u51fa\u8868\u73b0\uff0cN\u00f3brega &amp; Thurler \u5f8b\u5e08\u4e8b\u52a1\u6240\u5df2\u5728\u91cc\u7ea6\u70ed\u5185\u5362\u4e43\u81f3\u5168\u5df4\u897f\u786e\u7acb\u4e86\u5176\u5728\u6218\u7565\u6027\u8bc9\u8bbc\u53ca\u9ad8\u590d\u6742\u5ea6\u6cd5\u5f8b\u54a8\u8be2\u9886\u57df\u7684\u6807\u6746\u5730\u4f4d\u3002\n<br ><br >\u672c\u6240\u5728\u5ba2\u6237\u4ee3\u7406\u65b9\u9762\u4ee5\u9ad8\u6548\u4e0e\u5353\u8d8a\u8457\u79f0\uff0c\u5904\u7406\u6c11\u4e8b\u3001\u516c\u53f8\u3001\u5546\u4e8b\u3001\u884c\u653f\u3001\u76d1\u7ba1\u3001\u7834\u4ea7\u53ca\u4f01\u4e1a\u91cd\u7ec4\u3001\u7ecf\u6d4e\u4e0e\u7ade\u4e89\u3001\u4fdd\u9669\u3001\u623f\u5730\u4ea7\u3001\u6d88\u8d39\u8005\u3001\u7a0e\u52a1\u3001\u5f62\u8c61\u6743\u53ca\u56fd\u9645\u6cd5\u7b49\u9886\u57df\u7684\u8bc9\u8bbc\u4e0e\u4ef2\u88c1\u4e8b\u52a1\u3002\n<br ><br >\u9664\u4e86\u8bc9\u8bbc\u4e1a\u52a1\u5916\uff0c\u672c\u6240\u8fd8\u63d0\u4f9b\u9884\u9632\u6027\u548c\u6218\u7565\u6027\u7684\u6cd5\u5f8b\u54a8\u8be2\uff0c\u534f\u52a9\u5ba2\u6237\u8d77\u8349\u548c\u5ba1\u67e5\u5408\u540c\u3001\u8fdb\u884c\u7a0e\u52a1\u53ca\u516c\u53f8\u7ed3\u6784\u89c4\u5212\uff0c\u5e76\u53c2\u4e0e\u590d\u6742\u8c08\u5224\uff0c\u81f4\u529b\u4e8e\u901a\u8fc7\u89e3\u51b3\u65b9\u6848\u9884\u9632\u7ea0\u7eb7\uff0c\u786e\u4fdd\u7a33\u5065\u7684\u6cd5\u5f8b\u4e0e\u7ecf\u6d4e\u6210\u679c\u3002<\/p><\/div> <\/div> <div  class=\"row spaced-cols\" data-type=\"row\"> <div  class=\"col-xs-12 col-sm-6 col-md-4 space-bottom\"> <img  decoding=\"async\" class=\"face\" src=\"https:\/\/extendthemes.com\/demos\/mesmerize-pro-lawyer\/wp-content\/uploads\/sites\/32\/2018\/08\/handshake-2056023_640.jpg\" alt=\"\" title=\"handshake-2056023_640\"> <div  data-type=\"column\" class=\"col-padding-small col-padding-small-xs description-container\"> <h4  class=\"font-500\" data-lt-tmp-id=\"lt-155734\" data-gramm=\"false\"><span  style=\"color: rgb(173, 148, 105);\">\u6cd5\u5f8b\u89c4\u5212<\/span><\/h4> <p  class=\"\" data-lt-tmp-id=\"lt-542141\" data-gramm=\"false\" style=\"text-align: justify;\">\u6cd5\u5f8b\u89c4\u5212\u662f N\u00f3brega &amp; Thurler \u5f8b\u5e08\u4e8b\u52a1\u6240\u4e1a\u52a1\u7684\u91cd\u8981\u652f\u67f1\u4e4b\u4e00\u3002\u6211\u4eec\u7684\u5de5\u4f5c\u4e0d\u4ec5\u9650\u4e8e\u89e3\u51b3\u4e89\u8bae\uff1a\u6211\u4eec\u4ee5\u4e3b\u52a8\u548c\u6218\u7565\u6027\u7684\u65b9\u5f0f\u5f00\u5c55\u5de5\u4f5c\uff0c\u9884\u5224\u98ce\u9669\u3001\u8bbe\u8ba1\u89e3\u51b3\u65b9\u6848\uff0c\u5e76\u5f3a\u5316\u5ba2\u6237\u5728\u4f01\u4e1a\u8fd0\u8425\u53ca\u4e0e\u516c\u5171\u6743\u529b\u673a\u5173\u5173\u7cfb\u4e2d\u7684\u5730\u4f4d\u3002\n<br ><br >\u6211\u4eec\u5c06\u6cd5\u5f8b\u77e5\u8bc6\u8f6c\u5316\u4e3a\u4fc3\u8fdb\u4fdd\u62a4\u3001\u6548\u7387\u548c\u53ef\u6301\u7eed\u589e\u957f\u7684\u5de5\u5177\uff0c\u786e\u4fdd\u51b3\u7b56\u5b89\u5168\u3001\u7ed3\u679c\u53ef\u9884\u671f\uff0c\u4ee5\u53ca\u673a\u6784\u4e0e\u5546\u4e1a\u5173\u7cfb\u7684\u7a33\u5b9a\u6027\u3002<\/p> <\/div> <\/div> <div  class=\"col-xs-12 col-sm-6 col-md-4 space-bottom\"> <img  decoding=\"async\" class=\"face\" src=\"https:\/\/extendthemes.com\/demos\/mesmerize-pro-lawyer\/wp-content\/uploads\/sites\/32\/2018\/08\/book-731199_640.jpg\" alt=\"\" title=\"book-731199_640\"> <div  data-type=\"column\" class=\"col-padding-small col-padding-small-xs description-container\"> <h4  class=\"font-500\" data-lt-tmp-id=\"lt-359251\" data-gramm=\"false\"><span  style=\"color: rgb(173, 148, 105);\">\u6cd5\u5f8b\u54a8\u8be2<\/span><\/h4> <p  class=\"\" data-lt-tmp-id=\"lt-497550\" data-gramm=\"false\" style=\"text-align: justify;\">N\u00f3brega &amp; Thurler \u5f8b\u5e08\u4e8b\u52a1\u6240\u7684\u6cd5\u5f8b\u54a8\u8be2\u4e1a\u52a1\u4ee5\u5206\u6790\u6027\u3001\u9884\u9632\u6027\u548c\u4e2a\u6027\u5316\u7684\u65b9\u6cd5\u4e3a\u5bfc\u5411\uff0c\u5c06\u6df1\u539a\u7684\u4e13\u4e1a\u6280\u672f\u80fd\u529b\u4e0e\u5bf9\u6bcf\u4f4d\u5ba2\u6237\u5546\u4e1a\u6311\u6218\u7684\u6218\u7565\u6027\u7406\u89e3\u76f8\u7ed3\u5408\u3002\n<br ><br >\u6211\u4eec\u5728\u4e1a\u52a1\u7ed3\u6784\u8bbe\u8ba1\u3001\u5408\u540c\u67b6\u6784\u8bbe\u8ba1\u3001\u7a0e\u52a1\u4e0e\u516c\u53f8\u89c4\u5212\u4ee5\u53ca\u76d1\u7ba1\u548c\u884c\u653f\u98ce\u9669\u5206\u6790\u65b9\u9762\u63d0\u4f9b\u670d\u52a1\uff0c\u59cb\u7ec8\u4ee5\u786e\u4fdd\u51b3\u7b56\u5b89\u5168\u3001\u53ef\u6301\u7eed\uff0c\u5e76\u4e0e\u4f01\u4e1a\u76ee\u6807\u4fdd\u6301\u4e00\u81f4\u4e3a\u5bfc\u5411\u3002<\/p> <\/div> <\/div> <div  class=\"col-xs-12 col-sm-6 col-md-4 space-bottom\"> <img  decoding=\"async\" class=\"face\" src=\"https:\/\/extendthemes.com\/demos\/mesmerize-pro-lawyer\/wp-content\/uploads\/sites\/32\/2018\/08\/business-3365360_640.jpg\" alt=\"\" title=\"business-3365360_640\"> <div  data-type=\"column\" class=\"col-padding-small col-padding-small-xs description-container\"> <h4  class=\"font-500\" data-lt-tmp-id=\"lt-2353\" data-gramm=\"false\"><span  style=\"color: rgb(173, 148, 105);\">\u6c11\u6cd5<\/span><\/h4> <p  class=\"\" data-lt-tmp-id=\"lt-750274\" data-gramm=\"false\" style=\"text-align: justify;\">\u6211\u4eec\u5904\u7406\u6d89\u53ca\u5408\u540c\u4e0e\u975e\u5408\u540c\u8d23\u4efb\u3001\u635f\u5bb3\u8d54\u507f\u3001\u503a\u52a1\u4e49\u52a1\u3001\u5360\u6709\u4e0e\u6240\u6709\u6743\u7b49\u9ad8\u590d\u6742\u5ea6\u7684\u6c11\u4e8b\u6848\u4ef6\u3002\n<br ><br >\u6211\u4eec\u5728\u6218\u7565\u6027\u4e89\u8bae\u4e2d\u4ee3\u8868\u5ba2\u6237\uff0c\u5e76\u63d0\u4f9b\u9884\u9632\u6027\u6cd5\u5f8b\u54a8\u8be2\uff0c\u65e8\u5728\u786e\u4fdd\u6c11\u4e8b\u53ca\u5546\u4e1a\u5173\u7cfb\u4e2d\u7684\u6cd5\u5f8b\u786e\u5b9a\u6027\u3002<\/p> <\/div> <\/div><div  class=\"col-xs-12 col-sm-6 col-md-4 space-bottom\"> <img  decoding=\"async\" class=\"face\" src=\"https:\/\/www.nobregaethurler.com\/wp-content\/uploads\/2018\/08\/cropped-business-3380350_640-1.jpg\" alt=\"\" title=\"cropped-business-3380350_640-1.jpg\"> <div  data-type=\"column\" class=\"col-padding-small col-padding-small-xs description-container\"> <h4  class=\"font-500\" data-lt-tmp-id=\"lt-413875\" data-gramm=\"false\"><span  style=\"color: rgb(173, 148, 105);\">\u516c\u53f8\u4e0e\u5546\u6cd5<\/span><\/h4> <p  class=\"\" data-lt-tmp-id=\"lt-837863\" data-gramm=\"false\" style=\"text-align: justify;\">\u6211\u4eec\u5728\u516c\u53f8\u8bbe\u7acb\u3001\u91cd\u7ec4\u548c\u89e3\u6563\u65b9\u9762\u63d0\u4f9b\u6cd5\u5f8b\u54a8\u8be2\u670d\u52a1\uff0c\u540c\u65f6\u5904\u7406\u80a1\u4e1c\u7ea0\u7eb7\u3001\u6295\u8d44\u534f\u8bae\u3001\u516c\u53f8\u6cbb\u7406\u4ee5\u53ca\u5e76\u8d2d\u4e8b\u52a1\u3002\u5728\u5546\u4e8b\u9886\u57df\uff0c\u6211\u4eec\u4e3a\u4f01\u4e1a\u5728\u5df4\u897f\u53ca\u6d77\u5916\u7684\u5546\u4e1a\u5408\u540c\u548c\u6218\u7565\u6027\u4e1a\u52a1\u63d0\u4f9b\u6cd5\u5f8b\u652f\u6301\u3002<\/p> <\/div> <\/div><div  class=\"col-xs-12 col-sm-6 col-md-4 space-bottom\"> <img  decoding=\"async\" class=\"face\" src=\"https:\/\/www.nobregaethurler.com\/wp-content\/uploads\/2018\/08\/mayor-917149_640-1.jpg\" alt=\"\" title=\"mayor-917149_640 (1)\"> <div  data-type=\"column\" class=\"col-padding-small col-padding-small-xs description-container\"> <h4  class=\"font-500\" data-lt-tmp-id=\"lt-659936\" data-gramm=\"false\"><span  style=\"color: rgb(173, 148, 105);\">\u884c\u653f\u6cd5\u53ca<\/span><br ><span  style=\"color: rgb(173, 148, 105);\">\n\u76d1\u7ba1\u6cd5<\/span><\/h4> <p  class=\"\" style=\"text-align: justify;\">\u672c\u6240\u5728\u4e3a\u4f01\u4e1a\u548c\u673a\u6784\u5728\u516c\u5171\u884c\u653f\u673a\u5173\u524d\u7ef4\u62a4\u5176\u5229\u76ca\u65b9\u9762\u62e5\u6709\u4e30\u5bcc\u7ecf\u9a8c\u3002\u6211\u4eec\u5728\u62db\u6807\u91c7\u8d2d\u3001\u884c\u653f\u5408\u540c\u3001\u7279\u8bb8\u7ecf\u8425\u3001\u516c\u79c1\u5408\u8425\uff08PPP\uff09\u4ee5\u53ca\u76d1\u7ba1\u5ba1\u67e5\u7a0b\u5e8f\u4e2d\u63d0\u4f9b\u6cd5\u5f8b\u670d\u52a1\uff0c\u91cd\u70b9\u5173\u6ce8\u5408\u89c4\u6027\u4ee5\u53ca\u516c\u5171\u4e0e\u4f01\u4e1a\u7ba1\u7406\u7684\u6548\u7387\u3002<\/p> <\/div> <\/div><div  class=\"col-xs-12 col-sm-6 col-md-4 space-bottom\"> <img  decoding=\"async\" class=\"face\" src=\"https:\/\/www.nobregaethurler.com\/wp-content\/uploads\/2018\/08\/cropped-agreement-3546008_640-1.jpg\" alt=\"\" title=\"cropped-agreement-3546008_640-1.jpg\"> <div  data-type=\"column\" class=\"col-padding-small col-padding-small-xs description-container\"> <h4  class=\"font-500\" data-lt-tmp-id=\"lt-52138\" data-gramm=\"false\"><span  style=\"color: rgb(173, 148, 105);\">\u7a0e\u6cd5<\/span><\/h4> <p  class=\"\" data-lt-tmp-id=\"lt-112786\" data-gramm=\"false\" style=\"text-align: justify;\">\u6211\u4eec\u5728\u8054\u90a6\u3001\u5dde\u53ca\u5e02\u7ea7\u5c42\u9762\u63d0\u4f9b\u7a0e\u52a1\u54a8\u8be2\u53ca\u4e89\u8bae\u89e3\u51b3\u670d\u52a1\uff0c\u6db5\u76d6\u7a0e\u52a1\u7a3d\u67e5\u51b3\u5b9a\u7684\u590d\u6838\u3001\u62b5\u6263\u4e0e\u9000\u7a0e\u3001\u7a0e\u52a1\u89c4\u5212\u4ee5\u53ca\u516c\u53f8\u7ed3\u6784\u8bbe\u8ba1\u3002\u6211\u4eec\u7684\u5de5\u4f5c\u4ee5\u8ffd\u6c42\u6cd5\u5f8b\u786e\u5b9a\u6027\u548c\u7ecf\u6d4e\u6548\u7387\u4e3a\u5bfc\u5411\uff0c\u63d0\u4f9b\u4e2a\u6027\u5316\u89e3\u51b3\u65b9\u6848\uff0c\u65e8\u5728\u964d\u4f4e\u98ce\u9669\u5e76\u4f18\u5316\u7a0e\u8d1f\u3002<\/p> <\/div> <\/div><div  class=\"col-xs-12 col-sm-6 col-md-4 space-bottom\"> <img  decoding=\"async\" class=\"face\" src=\"https:\/\/www.nobregaethurler.com\/wp-content\/uploads\/2018\/08\/cropped-lady-justice-2388500_1920-1.jpg\" alt=\"\" title=\"cropped-lady-justice-2388500_1920-1.jpg\"> <div  data-type=\"column\" class=\"col-padding-small col-padding-small-xs description-container\"> <h4  class=\"font-500\" data-lt-tmp-id=\"lt-544779\" data-gramm=\"false\"><span  style=\"color: rgb(173, 148, 105);\">\u7834\u4ea7\u4e0e\u4f01\u4e1a\u91cd\u7ec4\u6cd5<\/span><\/h4> <p  class=\"\" data-lt-tmp-id=\"lt-964641\" data-gramm=\"false\" style=\"text-align: justify;\">\u6211\u4eec\u5728\u53f8\u6cd5\u91cd\u6574\u3001\u5ead\u5916\u91cd\u7ec4\u53ca\u7834\u4ea7\u7a0b\u5e8f\u4e2d\u4ee3\u8868\u503a\u6743\u4eba\u548c\u503a\u52a1\u4eba\uff0c\u91cd\u70b9\u63d0\u4f9b\u80fd\u591f\u7ef4\u62a4\u8d44\u4ea7\u7ecf\u6d4e\u4ef7\u503c\u5e76\u786e\u4fdd\u4f01\u4e1a\u6301\u7eed\u7ecf\u8425\u7684\u6218\u7565\u6027\u89e3\u51b3\u65b9\u6848\u3002<\/p> <\/div> <\/div><div  class=\"col-xs-12 col-sm-6 col-md-4 space-bottom\"> <img  decoding=\"async\" class=\"face\" src=\"https:\/\/www.nobregaethurler.com\/wp-content\/uploads\/2026\/02\/05.png\" alt=\"\" title=\"05\"> <div  data-type=\"column\" class=\"col-padding-small col-padding-small-xs description-container\"> <h4  class=\"font-500\" data-lt-tmp-id=\"lt-659012\" data-gramm=\"false\"><span  style=\"color: rgb(173, 148, 105);\">\u7ecf\u6d4e\u4e0e\u7ade\u4e89\u6cd5<\/span><\/h4> <p  class=\"\" data-lt-tmp-id=\"lt-972775\" data-gramm=\"false\" style=\"text-align: justify;\">\u6211\u4eec\u5728\u5df4\u897f\u7ecf\u6d4e\u9632\u536b\u884c\u653f\u59d4\u5458\u4f1a\uff08CADE\uff09\u53ca\u5176\u4ed6\u7ade\u4e89\u76d1\u7ba1\u673a\u6784\u7684\u7a0b\u5e8f\u4e2d\u63d0\u4f9b\u6cd5\u5f8b\u670d\u52a1\uff0c\u534f\u52a9\u5ba2\u6237\u5904\u7406\u7ecf\u8425\u8005\u96c6\u4e2d\u7533\u62a5\u3001\u53cd\u7ade\u4e89\u884c\u4e3a\u8c03\u67e5\u4ee5\u53ca\u53cd\u5784\u65ad\u5408\u89c4\u9879\u76ee\u7684\u5236\u5b9a\u3002<\/p> <\/div> <\/div><div  class=\"col-xs-12 col-sm-6 col-md-4 space-bottom\"> <img  decoding=\"async\" class=\"face\" src=\"https:\/\/www.nobregaethurler.com\/wp-content\/uploads\/2026\/02\/cropped-02.jpg\" alt=\"\" title=\"cropped-02.jpg\"> <div  data-type=\"column\" class=\"col-padding-small col-padding-small-xs description-container\"> <h4  class=\"font-500\" data-lt-tmp-id=\"lt-638670\" data-gramm=\"false\"><span  style=\"color: rgb(173, 148, 105);\">\u4fdd\u9669\u4e0e\u94f6\u884c\u6cd5<\/span><\/h4> <p  class=\"\" data-lt-tmp-id=\"lt-86886\" data-gramm=\"false\" style=\"text-align: justify;\">\u6211\u4eec\u4e3a\u4fdd\u9669\u516c\u53f8\u3001\u91d1\u878d\u673a\u6784\u53ca\u4f01\u4e1a\u5ba2\u6237\u63d0\u4f9b\u6cd5\u5f8b\u54a8\u8be2\uff0c\u5904\u7406\u6d89\u53ca\u4fdd\u9669\u3001\u4fe1\u8d37\u4e1a\u52a1\u3001\u62c5\u4fdd\u53ca\u590d\u6742\u91d1\u878d\u5de5\u5177\u7684\u4e89\u8bae\u4e0e\u5408\u540c\u4e8b\u52a1\uff0c\u5e76\u5728\u884c\u4e1a\u76d1\u7ba1\u4e0e\u4e89\u8bae\u89e3\u51b3\u65b9\u9762\u62e5\u6709\u624e\u5b9e\u7ecf\u9a8c\u3002<\/p> <\/div> <\/div><div  class=\"col-xs-12 col-sm-6 col-md-4 space-bottom\"> <img  decoding=\"async\" class=\"face\" src=\"https:\/\/www.nobregaethurler.com\/wp-content\/uploads\/2026\/02\/cropped-02.png\" alt=\"\" title=\"cropped-02.png\"> <div  data-type=\"column\" class=\"col-padding-small col-padding-small-xs description-container\"> <h4  class=\"font-500\" data-lt-tmp-id=\"lt-179804\" data-gramm=\"false\"><span  style=\"color: rgb(173, 148, 105);\">\u623f\u5730\u4ea7\u6cd5<\/span><\/h4> <p  class=\"\" data-lt-tmp-id=\"lt-62171\" data-gramm=\"false\" style=\"text-align: justify;\">\u6211\u4eec\u5728\u623f\u5730\u4ea7\u4ea4\u6613\u53ca\u6d89\u53ca\u6240\u6709\u6743\u3001\u79df\u8d41\u3001\u5f00\u53d1\u4ee5\u53ca\u57ce\u4e61\u4e0d\u52a8\u4ea7\u89c4\u8303\u5316\u7684\u4e89\u8bae\u4e2d\u63d0\u4f9b\u6cd5\u5f8b\u670d\u52a1\uff0c\u5e76\u5728\u623f\u5730\u4ea7\u9879\u76ee\u7684\u8c08\u5224\u3001\u7ed3\u6784\u8bbe\u8ba1\u53ca\u5b9e\u65bd\u8fc7\u7a0b\u4e2d\u63d0\u4f9b\u5168\u9762\u7684\u6cd5\u5f8b\u652f\u6301\u3002<\/p> <\/div> <\/div><div  class=\"col-xs-12 col-sm-6 col-md-4 space-bottom\"> <img  decoding=\"async\" class=\"face\" src=\"https:\/\/www.nobregaethurler.com\/wp-content\/uploads\/2026\/02\/cropped-03.png\" alt=\"\" title=\"cropped-03.png\"> <div  data-type=\"column\" class=\"col-padding-small col-padding-small-xs description-container\"> <h4  class=\"font-500\" data-lt-tmp-id=\"lt-835697\" data-gramm=\"false\"><span  style=\"color: rgb(173, 148, 105);\">\u6d88\u8d39\u8005\u6743\u76ca\u6cd5<\/span><\/h4> <p  class=\"\" data-gramm=\"false\" style=\"text-align: justify;\">\u6211\u4eec\u5728\u4e2a\u4f53\u53ca\u96c6\u4f53\u7ea0\u7eb7\u4e2d\u4ee3\u8868\u4f01\u4e1a\u548c\u673a\u6784\uff0c\u5236\u5b9a\u7b26\u5408\u300a\u6d88\u8d39\u8005\u4fdd\u62a4\u6cd5\u300b\u7684\u9884\u9632\u4e0e\u6297\u8fa9\u7b56\u7565\u3002\u540c\u65f6\uff0c\u6211\u4eec\u8fd8\u5236\u5b9a\u5185\u90e8\u5408\u89c4\u9879\u76ee\u548c\u6700\u4f73\u5b9e\u8df5\uff0c\u4ee5\u964d\u4f4e\u98ce\u9669\u5e76\u63d0\u5347\u4f01\u4e1a\u5f62\u8c61\u3002<\/p> <\/div> <\/div><div  class=\"col-xs-12 col-sm-6 col-md-4 space-bottom\"> <img  decoding=\"async\" class=\"face\" src=\"https:\/\/www.nobregaethurler.com\/wp-content\/uploads\/2026\/02\/cropped-04.png\" alt=\"\" title=\"cropped-04.png\"> <div  data-type=\"column\" class=\"col-padding-small col-padding-small-xs description-container\"> <h4  class=\"font-500\" data-lt-tmp-id=\"lt-49039\" data-gramm=\"false\"><span  style=\"color: rgb(173, 148, 105);\">\u56fd\u9645\u6cd5<\/span><\/h4> <p  class=\"\" data-lt-tmp-id=\"lt-405857\" data-gramm=\"false\" style=\"text-align: justify;\">\u672c\u6240\u4e3a\u5728\u5df4\u897f\u6709\u4e1a\u52a1\u7684\u5916\u56fd\u5ba2\u6237\u4ee5\u53ca\u4ece\u4e8b\u56fd\u9645\u4e1a\u52a1\u7684\u5df4\u897f\u4f01\u4e1a\u63d0\u4f9b\u6cd5\u5f8b\u54a8\u8be2\u670d\u52a1\u3002\u6211\u4eec\u5728\u56fd\u9645\u5408\u540c\u8d77\u8349\u3001\u8de8\u56fd\u4ef2\u88c1\u3001\u5bf9\u5916\u8d38\u6613\u53ca\u5916\u56fd\u76f4\u63a5\u6295\u8d44\u65b9\u9762\u63d0\u4f9b\u652f\u6301\u3002<\/p> <\/div> <\/div><\/div> <\/div><\/div>","protected":false},"excerpt":{"rendered":"<p>Contencioso Atuamos no contencioso judicial, administrativo e estrat\u00e9gico. Planejamento Oferecemos planejamento fiscal e estrutura\u00e7\u00e3o societ\u00e1ria. Consultoria Prestamos consultoria jur\u00eddica especializada, com elabora\u00e7\u00e3o de pareceres t\u00e9cnicos. Quem Somos Fundado e conduzido por s\u00f3cios com mais de 20 anos de experi\u00eancia em contencioso de&nbsp;alta complexidade, o N\u00f3brega &amp; Thurler Advogados re\u00fane uma equipe altamente&nbsp;especializada, dedicada \u00e0 entrega&hellip; <br \/> <a class=\"read-more\" href=\"https:\/\/www.nobregaethurler.com\/zh\/\">Read more<\/a><\/p>","protected":false},"author":1,"featured_media":0,"parent":0,"menu_order":0,"comment_status":"closed","ping_status":"closed","template":"page-templates\/homepage.php","meta":{"pagelayer_contact_templates":[],"_pagelayer_content":"","footnotes":""},"class_list":["post-74","page","type-page","status-publish","hentry"],"_links":{"self":[{"href":"https:\/\/www.nobregaethurler.com\/zh\/wp-json\/wp\/v2\/pages\/74","targetHints":{"allow":["GET"]}}],"collection":[{"href":"https:\/\/www.nobregaethurler.com\/zh\/wp-json\/wp\/v2\/pages"}],"about":[{"href":"https:\/\/www.nobregaethurler.com\/zh\/wp-json\/wp\/v2\/types\/page"}],"author":[{"embeddable":true,"href":"https:\/\/www.nobregaethurler.com\/zh\/wp-json\/wp\/v2\/users\/1"}],"replies":[{"embeddable":true,"href":"https:\/\/www.nobregaethurler.com\/zh\/wp-json\/wp\/v2\/comments?post=74"}],"version-history":[{"count":46,"href":"https:\/\/www.nobregaethurler.com\/zh\/wp-json\/wp\/v2\/pages\/74\/revisions"}],"predecessor-version":[{"id":272,"href":"https:\/\/www.nobregaethurler.com\/zh\/wp-json\/wp\/v2\/pages\/74\/revisions\/272"}],"wp:attachment":[{"href":"https:\/\/www.nobregaethurler.com\/zh\/wp-json\/wp\/v2\/media?parent=74"}],"curies":[{"name":"wp","href":"https:\/\/api.w.org\/{rel}","templated":true}]}}