{"id":247,"date":"2026-03-05T02:03:57","date_gmt":"2026-03-05T02:03:57","guid":{"rendered":"https:\/\/www.nobregaethurler.com\/?page_id=247"},"modified":"2026-04-05T20:41:54","modified_gmt":"2026-04-05T20:41:54","slug":"colaboradores","status":"publish","type":"page","link":"https:\/\/www.nobregaethurler.com\/zh\/colaboradores\/","title":{"rendered":"\u56e2\u961f\u6210\u5458"},"content":{"rendered":"<div  data-label=\"Team\" data-id=\"team--1\" data-export-id=\"team-1\" data-category=\"team\" class=\"team-1 content-section content-section-spacing\" id=\"team-1\" style=\"background-color: rgb(255, 255, 255);\"><div  class=\"gridContainer\"> <div  class=\"row text-center\"><div  class=\"section-title-col\" data-type=\"column\">  <p  class=\"lead\" data-lt-tmp-id=\"lt-78697\" data-gramm=\"false\">\u672c\u90e8\u5206\u4e13\u4e3a\u6211\u4eec\u7684\u56e2\u961f\u6210\u5458\u8bbe\u7acb\u3002<\/p><\/div> <\/div> <div  class=\"row spaced-cols content-center-sm center-sm\" data-type=\"row\"> <div  class=\"col-xs-12 col-sm-6 col-md-4\"> <div  class=\"card bottom-border-color1 no-padding no-shadow\"> <img decoding=\"async\"  class=\"face\" src=\"https:\/\/www.nobregaethurler.com\/wp-content\/uploads\/2026\/04\/cropped-Leo-Farias.jpeg\" title=\"cropped-Leo-Farias.jpeg\" alt=\"\"> <div  data-type=\"column\" class=\"col-padding-small col-padding-small-xs description-container\"> <h4  class=\"font-500\" data-lt-tmp-id=\"lt-419641\" data-gramm=\"false\">L\u00e9o Farias<\/h4> <p  class=\"small\" style=\"font-style: italic;\" data-lt-tmp-id=\"lt-542254\" data-gramm=\"false\">\u6bd5\u4e1a\u4e8e UFRJ \u7684\u5de5\u7a0b\u5e08\uff0c\u62e5\u6709 UERJ \u6570\u5b57\u5065\u5eb7\u7855\u58eb\u5b66\u4f4d\uff0c\u7814\u7a76\u65b9\u5411\u4e3a\u9762\u5411 LGPD \u7684\u6570\u5b57\u5065\u5eb7\u9886\u57df\u4eba\u5de5\u667a\u80fd\u3002\n<br >\u8d1f\u8d23\u4fe1\u606f\u4e0e\u901a\u4fe1\u6280\u672f\u7cfb\u7edf<\/p> <div  class=\"social-icons-group\" data-type=\"group\"> <a  href=\"https:\/\/www.linkedin.com\/in\/leocfarias\" target=\"_blank\"><i  class=\"fa icon fa-facebook-square color1\"><\/i><\/a> <a  href=\"https:\/\/www.instagram.com\/leofarias.learning\" target=\"_blank\"><i  class=\"fa icon fa-instagram color1\"><\/i><\/a> <a  href=\"https:\/\/www.linkedin.com\/in\/leocfarias\" target=\"_blank\" data-reiki-hidden=\"true\"><i  class=\"fa icon fa-linkedin-square color1\"><\/i><\/a> <a  href=\"#\" target=\"_self\" data-reiki-hidden=\"true\"><i  class=\"fa icon fa-google-plus-square gray\"><\/i><\/a><\/div> <\/div><\/div> <\/div>       <div  class=\"col-xs-12 col-sm-6 col-md-4\"> <div  class=\"card bottom-border-color1 no-padding no-shadow\"> <img decoding=\"async\"  class=\"face\" src=\"https:\/\/www.nobregaethurler.com\/wp-content\/uploads\/2026\/02\/Ricardo-Linhares.png\" title=\"Ricardo Linhares\" alt=\"\"> <div  data-type=\"column\" class=\"col-padding-small col-padding-small-xs description-container\"> <h4  class=\"font-500\" data-lt-tmp-id=\"lt-584138\" data-gramm=\"false\">Ricardo Linhares<\/h4> <p  class=\"small\" style=\"font-style: italic;\" data-lt-tmp-id=\"lt-443614\" data-gramm=\"false\">\u884c\u653f<\/p> <div  class=\"social-icons-group\" data-type=\"group\"> <a  href=\"#\"><i  class=\"gray fa icon fa-facebook-square small\"><\/i><\/a> <a  href=\"#\"><i  class=\"gray fa icon fa-twitter-square small\"><\/i><\/a> <a  href=\"#\"><i  class=\"gray fa icon fa-linkedin-square small\"><\/i><\/a> <a  href=\"#\"><i  class=\"gray fa icon fa-google-plus-square small\"><\/i><\/a><\/div> <\/div><\/div> <\/div><\/div> <\/div><\/div>","protected":false},"excerpt":{"rendered":"<p>Esta se\u00e7\u00e3o \u00e9 destinada a nossos colaboradores. L\u00e9o Farias Engenheiro formado pela UFRJ e Mestre em&nbsp; Sa\u00fade Digital, com linha de pesquisa em Intelig\u00eancia Artificial na Sa\u00fade Digital para a LGPD, pela UERJ. Respons\u00e1vel por Sistemas de TIC. Ricardo Linhares Administrativo<\/p>","protected":false},"author":1,"featured_media":0,"parent":0,"menu_order":0,"comment_status":"closed","ping_status":"closed","template":"pro\/page-templates\/full-width-page.php","meta":{"pagelayer_contact_templates":[],"_pagelayer_content":"","footnotes":""},"class_list":["post-247","page","type-page","status-publish","hentry"],"_links":{"self":[{"href":"https:\/\/www.nobregaethurler.com\/zh\/wp-json\/wp\/v2\/pages\/247","targetHints":{"allow":["GET"]}}],"collection":[{"href":"https:\/\/www.nobregaethurler.com\/zh\/wp-json\/wp\/v2\/pages"}],"about":[{"href":"https:\/\/www.nobregaethurler.com\/zh\/wp-json\/wp\/v2\/types\/page"}],"author":[{"embeddable":true,"href":"https:\/\/www.nobregaethurler.com\/zh\/wp-json\/wp\/v2\/users\/1"}],"replies":[{"embeddable":true,"href":"https:\/\/www.nobregaethurler.com\/zh\/wp-json\/wp\/v2\/comments?post=247"}],"version-history":[{"count":5,"href":"https:\/\/www.nobregaethurler.com\/zh\/wp-json\/wp\/v2\/pages\/247\/revisions"}],"predecessor-version":[{"id":280,"href":"https:\/\/www.nobregaethurler.com\/zh\/wp-json\/wp\/v2\/pages\/247\/revisions\/280"}],"wp:attachment":[{"href":"https:\/\/www.nobregaethurler.com\/zh\/wp-json\/wp\/v2\/media?parent=247"}],"curies":[{"name":"wp","href":"https:\/\/api.w.org\/{rel}","templated":true}]}}