{"id":240,"date":"2026-03-05T01:54:46","date_gmt":"2026-03-05T01:54:46","guid":{"rendered":"https:\/\/www.nobregaethurler.com\/?page_id=240"},"modified":"2026-03-20T17:37:38","modified_gmt":"2026-03-20T17:37:38","slug":"socios","status":"publish","type":"page","link":"https:\/\/www.nobregaethurler.com\/zh\/socios\/","title":{"rendered":"\u6211\u4eec\u7684\u5408\u4f19\u4eba"},"content":{"rendered":"<div  data-label=\"Team\" data-id=\"team--1\" data-export-id=\"team-1\" data-category=\"team\" class=\"team-1 content-section content-section-spacing\" id=\"team-1\" style=\"background-color: rgb(255, 255, 255);\"><div  class=\"gridContainer\"> <div  class=\"row text-center\"><div  class=\"section-title-col\" data-type=\"column\">  <p  class=\"lead\" data-lt-tmp-id=\"lt-496500\" data-gramm=\"false\">\u4e86\u89e3\u6211\u4eec\u5f8b\u6240\u7684\u4e13\u4e1a\u56e2\u961f\uff0c\u4ed6\u4eec\u968f\u65f6\u51c6\u5907\u4ee5\u5353\u8d8a\u3001\u4e13\u4e1a\u548c\u656c\u4e1a\u7684\u6001\u5ea6\u63d0\u4f9b\u6cd5\u5f8b\u6307\u5bfc\u3002\u6211\u4eec\u7684\u56e2\u961f\u7531\u7ecf\u9a8c\u4e30\u5bcc\u4e14\u5c3d\u804c\u5c3d\u8d23\u7684\u5f8b\u5e08\u7ec4\u6210\uff0c\u4ee5\u6218\u7565\u6027\u548c\u4e2a\u6027\u5316\u7684\u65b9\u5f0f\u4e3a\u6bcf\u4f4d\u5ba2\u6237\u63d0\u4f9b\u670d\u52a1\u3002<\/p><\/div> <\/div> <div  class=\"row spaced-cols content-center-sm\" data-type=\"row\"> <div  class=\"col-xs-12 col-sm-6 col-md-4\"> <div  class=\"card bottom-border-color1 no-padding no-shadow\"> <img  decoding=\"async\" class=\"face\" src=\"https:\/\/www.nobregaethurler.com\/wp-content\/uploads\/2026\/02\/Henrique-da-Nobrega.png\" title=\"Henrique da No\u0301brega\" alt=\"\"> <div  data-type=\"column\" class=\"col-padding-small col-padding-small-xs description-container\"> <h4  class=\"font-500\" data-lt-tmp-id=\"lt-563670\" data-gramm=\"false\">Henrique Couto da N\u00f3brega<\/h4> <p  class=\"small\" style=\"font-style: italic;\" data-lt-tmp-id=\"lt-316332\" data-gramm=\"false\">UERJ \u5f8b\u5e08\u53ca\u6cd5\u5f8b\u987e\u95ee\uff0cUERJ \u516c\u5171\u8d22\u653f\u4e0e\u7a0e\u6536\u4e13\u4e1a\u535a\u58eb\u5728\u8bfb\u53ca\u7855\u58eb\uff0c\u62e5\u6709\u56fd\u5bb6\u6cd5\uff08UERJ\uff09\u7814\u7a76\u751f\u5b66\u5386\u3002\u4e3b\u8981\u4ece\u4e8b\u516c\u6cd5\u3001\u7a0e\u52a1\u89c4\u5212\u53ca\u7a0e\u52a1\u4e89\u8bae\u89e3\u51b3\u9886\u57df\u3002<\/p> <div  class=\"social-icons-group\" data-type=\"group\"> <a  href=\"#\"><i  class=\"gray fa icon fa-facebook-square small\"><\/i><\/a> <a  href=\"#\"><i  class=\"gray fa icon fa-twitter-square small\"><\/i><\/a> <a  href=\"#\"><i  class=\"gray fa icon fa-linkedin-square small\"><\/i><\/a> <a  href=\"#\"><i  class=\"gray fa icon fa-google-plus-square small\"><\/i><\/a><\/div> <\/div><\/div> <\/div> <div  class=\"col-xs-12 col-sm-6 col-md-4\"> <div  class=\"card bottom-border-color1 no-padding no-shadow\"> <img  decoding=\"async\" class=\"face\" src=\"https:\/\/www.nobregaethurler.com\/wp-content\/uploads\/2026\/02\/Claudio-Thurler.png\" title=\"Claudio Thurler\" alt=\"\"> <div  data-type=\"column\" class=\"col-padding-small col-padding-small-xs description-container\"> <h4  class=\"font-500\" data-lt-tmp-id=\"lt-827442\" data-gramm=\"false\">Cl\u00e1udio Thurler de Lima J\u00fanior<\/h4> <p  class=\"small\" style=\"font-style: italic;\" data-lt-tmp-id=\"lt-948642\" data-gramm=\"false\">\u4e13\u6ce8\u4e8e\u6c11\u4e8b\u8bc9\u8bbc\u6cd5\u7684\u5f8b\u5e08\uff0c\u4e3b\u8981\u4ece\u4e8b\u6c11\u6cd5\u3001\u623f\u5730\u4ea7\u6cd5\u3001\u4e0d\u52a8\u4ea7\u767b\u8bb0\u6cd5\u53ca\u6218\u7565\u6027\u8bc9\u8bbc\u9886\u57df\u3002<\/p> <div  class=\"social-icons-group\" data-type=\"group\"> <a  href=\"#\"><i  class=\"gray fa icon fa-facebook-square small\"><\/i><\/a> <a  href=\"#\"><i  class=\"gray fa icon fa-twitter-square small\"><\/i><\/a> <a  href=\"#\"><i  class=\"gray fa icon fa-linkedin-square small\"><\/i><\/a> <a  href=\"#\"><i  class=\"gray fa icon fa-google-plus-square small\"><\/i><\/a><\/div> <\/div><\/div> <\/div> <div  class=\"col-xs-12 col-sm-6 col-md-4\"> <div  class=\"card bottom-border-color1 no-padding no-shadow\"> <img  decoding=\"async\" class=\"face\" src=\"https:\/\/www.nobregaethurler.com\/wp-content\/uploads\/2026\/02\/Carlos-Barros.png\" title=\"Carlos Barros\" alt=\"\"> <div  data-type=\"column\" class=\"col-padding-small col-padding-small-xs description-container\"> <h4  class=\"font-500\" data-lt-tmp-id=\"lt-868596\" data-gramm=\"false\">Carlos Barros<\/h4> <p  class=\"small\" style=\"font-style: italic;\" data-lt-tmp-id=\"lt-535308\" data-gramm=\"false\">\u4e13\u6ce8\u4e8e\u6c11\u6cd5\u548c\u6c11\u4e8b\u8bc9\u8bbc\u6cd5\u7684\u5f8b\u5e08\uff0c\u62e5\u6709\u516c\u5171\u91c7\u8d2d\u4e0e\u516c\u5171\u5408\u540c\u9886\u57df\u7684\u7814\u7a76\u751f\u5b66\u5386\u3002<\/p> <div  class=\"social-icons-group\" data-type=\"group\"> <a  href=\"#\"><i  class=\"gray fa icon fa-facebook-square small\"><\/i><\/a> <a  href=\"#\"><i  class=\"gray fa icon fa-twitter-square small\"><\/i><\/a> <a  href=\"#\"><i  class=\"gray fa icon fa-linkedin-square small\"><\/i><\/a> <a  href=\"#\"><i  class=\"gray fa icon fa-google-plus-square small\"><\/i><\/a><\/div> <\/div><\/div> <\/div> <div  class=\"col-xs-12 col-sm-6 col-md-4\"> <div  class=\"card bottom-border-color1 no-padding no-shadow\"> <img  decoding=\"async\" class=\"face\" src=\"https:\/\/www.nobregaethurler.com\/wp-content\/uploads\/2026\/02\/Renata-Thurler__.png\" title=\"Renata Thurler__\" alt=\"\"> <div  data-type=\"column\" class=\"col-padding-small col-padding-small-xs description-container\"> <h4  class=\"font-500\" data-lt-tmp-id=\"lt-989517\" data-gramm=\"false\">Renata Thurler<\/h4> <p  class=\"small\" style=\"font-style: italic;\" data-lt-tmp-id=\"lt-527461\" data-gramm=\"false\">\u4e13\u6ce8\u4e8e\u7a0b\u5e8f\u6cd5\u7684\u5f8b\u5e08\uff0c\u5728\u7a0e\u6cd5\u548c\u5546\u6cd5\u9886\u57df\u62e5\u6709\u4e30\u5bcc\u7ecf\u9a8c\u3002<\/p> <div  class=\"social-icons-group\" data-type=\"group\"> <a  href=\"#\"><i  class=\"gray fa icon fa-facebook-square small\"><\/i><\/a> <a  href=\"#\"><i  class=\"gray fa icon fa-twitter-square small\"><\/i><\/a> <a  href=\"#\"><i  class=\"gray fa icon fa-linkedin-square small\"><\/i><\/a> <a  href=\"#\"><i  class=\"gray fa icon fa-google-plus-square small\"><\/i><\/a><\/div> <\/div><\/div> <\/div> <div  class=\"col-xs-12 col-sm-6 col-md-4\"> <div  class=\"card bottom-border-color1 no-padding no-shadow\"> <img  decoding=\"async\" class=\"face\" src=\"https:\/\/www.nobregaethurler.com\/wp-content\/uploads\/2026\/02\/cropped-Bianca-Louchard.png\" title=\"cropped-Bianca-Louchard.png\" alt=\"\"> <div  data-type=\"column\" class=\"col-padding-small col-padding-small-xs description-container\"> <h4  class=\"font-500\" data-lt-tmp-id=\"lt-392242\" data-gramm=\"false\">Bianca Louchard<\/h4> <p  class=\"small\" style=\"font-style: italic;\" data-lt-tmp-id=\"lt-485941\" data-gramm=\"false\">\u4e13\u6ce8\u4e8e\u6c11\u6cd5\u7684\u5f8b\u5e08\uff0c\u62e5\u6709\u6c11\u6cd5\u4e0e\u6c11\u4e8b\u8bc9\u8bbc\u6cd5\u7814\u7a76\u751f\u5b66\u5386\uff0c\u4fa7\u91cd\u4e8e\u6cd5\u5f8b\u521b\u4e1a\u9886\u57df\u3002<\/p> <div  class=\"social-icons-group\" data-type=\"group\"> <a  href=\"#\"><i  class=\"gray fa icon fa-facebook-square small\"><\/i><\/a> <a  href=\"#\"><i  class=\"gray fa icon fa-twitter-square small\"><\/i><\/a> <a  href=\"#\"><i  class=\"gray fa icon fa-linkedin-square small\"><\/i><\/a> <a  href=\"#\"><i  class=\"gray fa icon fa-google-plus-square small\"><\/i><\/a><\/div> <\/div><\/div> <\/div> <div  class=\"col-xs-12 col-sm-6 col-md-4\"> <div  class=\"card bottom-border-color1 no-padding no-shadow\"> <img  decoding=\"async\" class=\"face\" src=\"https:\/\/www.nobregaethurler.com\/wp-content\/uploads\/2026\/02\/cropped-DSC_2489-scaled-1.png\" title=\"DSC_2489\" alt=\"\"> <div  data-type=\"column\" class=\"col-padding-small col-padding-small-xs description-container\"> <h4  class=\"font-500\" data-gramm=\"false\">Th\u00e1bata Thom\u00e9 de Deus<\/h4> <p  class=\"small\" style=\"font-style: italic;\" data-lt-tmp-id=\"lt-37428\" data-gramm=\"false\">\u4e13\u6ce8\u4e8e\u6c11\u6cd5\u3001\u6d88\u8d39\u8005\u6cd5\u548c\u5bb6\u5ead\u6cd5\u7684\u5f8b\u5e08\u3002<\/p> <div  class=\"social-icons-group\" data-type=\"group\"> <a  href=\"#\"><i  class=\"gray fa icon fa-facebook-square small\"><\/i><\/a> <a  href=\"#\"><i  class=\"gray fa icon fa-twitter-square small\"><\/i><\/a> <a  href=\"#\"><i  class=\"gray fa icon fa-linkedin-square small\"><\/i><\/a> <a  href=\"#\"><i  class=\"gray fa icon fa-google-plus-square small\"><\/i><\/a><\/div> <\/div><\/div> <\/div><div  class=\"col-xs-12 col-sm-6 col-md-4\"> <div  class=\"card bottom-border-color1 no-padding no-shadow\"> <img  decoding=\"async\" class=\"face\" src=\"https:\/\/www.nobregaethurler.com\/wp-content\/uploads\/2026\/02\/Glaucia-Rocha.png\" title=\"Glaucia Rocha\" alt=\"\"> <div  data-type=\"column\" class=\"col-padding-small col-padding-small-xs description-container\"> <h4  class=\"font-500\" data-lt-tmp-id=\"lt-468561\" data-gramm=\"false\">Glaucia Rocha<\/h4> <p  class=\"small\" style=\"font-style: italic;\" data-lt-tmp-id=\"lt-959385\" data-gramm=\"false\">\u4e13\u6ce8\u4e8e\u4fdd\u9669\u6cd5\u3001\u6c11\u4e8b\u8d23\u4efb\u6cd5\u548c\u6d88\u8d39\u8005\u6cd5\u7684\u5f8b\u5e08\u3002<\/p> <div  class=\"social-icons-group\" data-type=\"group\"> <a  href=\"#\"><i  class=\"gray fa icon fa-facebook-square small\"><\/i><\/a> <a  href=\"#\"><i  class=\"gray fa icon fa-twitter-square small\"><\/i><\/a> <a  href=\"#\"><i  class=\"gray fa icon fa-linkedin-square small\"><\/i><\/a> <a  href=\"#\"><i  class=\"gray fa icon fa-google-plus-square small\"><\/i><\/a><\/div> <\/div><\/div> <\/div> <div  class=\"col-xs-12 col-sm-6 col-md-4\"> <div  class=\"card bottom-border-color1 no-padding no-shadow\"> <img  decoding=\"async\" class=\"face\" src=\"https:\/\/www.nobregaethurler.com\/wp-content\/uploads\/2026\/02\/Anderson-F-scaled.png\" title=\"Anderson F\" alt=\"\"> <div  data-type=\"column\" class=\"col-padding-small col-padding-small-xs description-container\"> <h4  class=\"font-500\" data-lt-tmp-id=\"lt-255329\" data-gramm=\"false\">Anderson Chagas Farias<\/h4> <p  class=\"small\" style=\"font-style: italic;\" data-lt-tmp-id=\"lt-753642\" data-gramm=\"false\">\u4e13\u6ce8\u4e8e\u6c11\u4e8b\u8bc9\u8bbc\u6cd5\u7684\u5f8b\u5e08<\/p> <div  class=\"social-icons-group\" data-type=\"group\"> <a  href=\"#\"><i  class=\"gray fa icon fa-facebook-square small\"><\/i><\/a> <a  href=\"#\"><i  class=\"gray fa icon fa-twitter-square small\"><\/i><\/a> <a  href=\"#\"><i  class=\"gray fa icon fa-linkedin-square small\"><\/i><\/a> <a  href=\"#\"><i  class=\"gray fa icon fa-google-plus-square small\"><\/i><\/a><\/div> <\/div><\/div> <\/div> <div  class=\"col-xs-12 col-sm-6 col-md-4\"> <div  class=\"card bottom-border-color1 no-padding no-shadow\"> <img  decoding=\"async\" class=\"face\" src=\"https:\/\/www.nobregaethurler.com\/wp-content\/uploads\/2026\/02\/Thaina-Martins-scaled.png\" title=\"Thaina\u0301 Martins\" alt=\"\"> <div  data-type=\"column\" class=\"col-padding-small col-padding-small-xs description-container\"> <h4  class=\"font-500\" data-lt-tmp-id=\"lt-951088\" data-gramm=\"false\">Thain\u00e1 Martins<\/h4> <p  class=\"small\" style=\"font-style: italic;\" data-lt-tmp-id=\"lt-766167\" data-gramm=\"false\">\u4e13\u6ce8\u4e8e\u52b3\u52a8\u6cd5\u7684\u5f8b\u5e08\uff0c\u62e5\u6709\u52b3\u52a8\u6cd5\u53ca\u52b3\u52a8\u8bc9\u8bbc\u6cd5\u7814\u7a76\u751f\u5b66\u5386\u3002<\/p> <div  class=\"social-icons-group\" data-type=\"group\"> <a  href=\"#\"><i  class=\"gray fa icon fa-facebook-square small\"><\/i><\/a> <a  href=\"#\"><i  class=\"gray fa icon fa-twitter-square small\"><\/i><\/a> <a  href=\"#\"><i  class=\"gray fa icon fa-linkedin-square small\"><\/i><\/a> <a  href=\"#\"><i  class=\"gray fa icon fa-google-plus-square small\"><\/i><\/a><\/div> <\/div><\/div> <\/div><div  class=\"col-xs-12 col-sm-6 col-md-4\"> <div  data-type=\"column\" class=\"card bottom-border-color1 no-padding no-shadow\"> <img  decoding=\"async\" class=\"face\" src=\"https:\/\/www.nobregaethurler.com\/wp-content\/uploads\/2026\/02\/Beatriz-Leite.png\" title=\"Beatriz Leite\" alt=\"\"> <div  data-type=\"column\" class=\"col-padding-small col-padding-small-xs description-container\"> <h4  class=\"font-500\" data-lt-tmp-id=\"lt-287978\" data-gramm=\"false\">Beatriz Leite<\/h4> <p  class=\"small\" style=\"font-style: italic;\" data-lt-tmp-id=\"lt-550265\" data-gramm=\"false\">\u4e13\u6ce8\u4e8e\u6c11\u6cd5\u548c\u5546\u6cd5\u7684\u5f8b\u5e08<\/p> <div  class=\"social-icons-group\" data-type=\"group\"> <a  href=\"#\"><i  class=\"gray fa icon fa-facebook-square small\"><\/i><\/a> <a  href=\"#\"><i  class=\"gray fa icon fa-twitter-square small\"><\/i><\/a> <a  href=\"#\"><i  class=\"gray fa icon fa-linkedin-square small\"><\/i><\/a> <a  href=\"#\"><i  class=\"gray fa icon fa-google-plus-square small\"><\/i><\/a><\/div> <\/div><\/div> <\/div><\/div> <\/div><\/div>","protected":false},"excerpt":{"rendered":"<p>Conhe\u00e7a os profissionais que fazem parte do nosso escrit\u00f3rio e est\u00e3o prontos para oferecer orienta\u00e7\u00e3o jur\u00eddica com excel\u00eancia, \u00e9tica e dedica\u00e7\u00e3o. Nossa equipe \u00e9 formada por advogadas(os) experientes e comprometidas(os), que atuam de maneira estrat\u00e9gica e personalizada para atender \u00e0s necessidades de cada cliente. Henrique Couto da N\u00f3brega Advogado e Procurador da UERJ, Doutorando e&hellip; <br \/> <a class=\"read-more\" href=\"https:\/\/www.nobregaethurler.com\/zh\/socios\/\">Read more<\/a><\/p>","protected":false},"author":1,"featured_media":0,"parent":0,"menu_order":0,"comment_status":"closed","ping_status":"closed","template":"pro\/page-templates\/full-width-page.php","meta":{"pagelayer_contact_templates":[],"_pagelayer_content":"","footnotes":""},"class_list":["post-240","page","type-page","status-publish","hentry"],"_links":{"self":[{"href":"https:\/\/www.nobregaethurler.com\/zh\/wp-json\/wp\/v2\/pages\/240","targetHints":{"allow":["GET"]}}],"collection":[{"href":"https:\/\/www.nobregaethurler.com\/zh\/wp-json\/wp\/v2\/pages"}],"about":[{"href":"https:\/\/www.nobregaethurler.com\/zh\/wp-json\/wp\/v2\/types\/page"}],"author":[{"embeddable":true,"href":"https:\/\/www.nobregaethurler.com\/zh\/wp-json\/wp\/v2\/users\/1"}],"replies":[{"embeddable":true,"href":"https:\/\/www.nobregaethurler.com\/zh\/wp-json\/wp\/v2\/comments?post=240"}],"version-history":[{"count":7,"href":"https:\/\/www.nobregaethurler.com\/zh\/wp-json\/wp\/v2\/pages\/240\/revisions"}],"predecessor-version":[{"id":263,"href":"https:\/\/www.nobregaethurler.com\/zh\/wp-json\/wp\/v2\/pages\/240\/revisions\/263"}],"wp:attachment":[{"href":"https:\/\/www.nobregaethurler.com\/zh\/wp-json\/wp\/v2\/media?parent=240"}],"curies":[{"name":"wp","href":"https:\/\/api.w.org\/{rel}","templated":true}]}}