{"id":240,"date":"2026-03-05T01:54:46","date_gmt":"2026-03-05T01:54:46","guid":{"rendered":"https:\/\/www.nobregaethurler.com\/?page_id=240"},"modified":"2026-03-20T17:37:38","modified_gmt":"2026-03-20T17:37:38","slug":"socios","status":"publish","type":"page","link":"https:\/\/www.nobregaethurler.com\/en\/socios\/","title":{"rendered":"Our Partners"},"content":{"rendered":"<div  data-label=\"Team\" data-id=\"team--1\" data-export-id=\"team-1\" data-category=\"team\" class=\"team-1 content-section content-section-spacing\" id=\"team-1\" style=\"background-color: rgb(255, 255, 255);\"><div  class=\"gridContainer\"> <div  class=\"row text-center\"><div  class=\"section-title-col\" data-type=\"column\">  <p  class=\"lead\" data-lt-tmp-id=\"lt-496500\" data-gramm=\"false\">Get to know the professionals who are part of our firm and are ready to provide legal guidance with excellence, ethics, and dedication. Our team is composed of experienced and committed attorneys who work in a strategic and personalized manner to meet each client\u2019s needs.<\/p><\/div> <\/div> <div  class=\"row spaced-cols content-center-sm\" data-type=\"row\"> <div  class=\"col-xs-12 col-sm-6 col-md-4\"> <div  class=\"card bottom-border-color1 no-padding no-shadow\"> <img  decoding=\"async\" class=\"face\" src=\"https:\/\/www.nobregaethurler.com\/wp-content\/uploads\/2026\/02\/Henrique-da-Nobrega.png\" title=\"Henrique da No\u0301brega\" alt=\"\"> <div  data-type=\"column\" class=\"col-padding-small col-padding-small-xs description-container\"> <h4  class=\"font-500\" data-lt-tmp-id=\"lt-563670\" data-gramm=\"false\">Henrique Couto da N\u00f3brega<\/h4> <p  class=\"small\" style=\"font-style: italic;\" data-lt-tmp-id=\"lt-316332\" data-gramm=\"false\">Attorney and Legal Counsel at UERJ, Ph.D. candidate and Master\u2019s degree holder in Public Finance and Taxation from UERJ, with a postgraduate degree in State Law (UERJ). Practices in Public Law, Tax Planning, and Tax Litigation.<\/p> <div  class=\"social-icons-group\" data-type=\"group\"> <a  href=\"#\"><i  class=\"gray fa icon fa-facebook-square small\"><\/i><\/a> <a  href=\"#\"><i  class=\"gray fa icon fa-twitter-square small\"><\/i><\/a> <a  href=\"#\"><i  class=\"gray fa icon fa-linkedin-square small\"><\/i><\/a> <a  href=\"#\"><i  class=\"gray fa icon fa-google-plus-square small\"><\/i><\/a><\/div> <\/div><\/div> <\/div> <div  class=\"col-xs-12 col-sm-6 col-md-4\"> <div  class=\"card bottom-border-color1 no-padding no-shadow\"> <img  decoding=\"async\" class=\"face\" src=\"https:\/\/www.nobregaethurler.com\/wp-content\/uploads\/2026\/02\/Claudio-Thurler.png\" title=\"Claudio Thurler\" alt=\"\"> <div  data-type=\"column\" class=\"col-padding-small col-padding-small-xs description-container\"> <h4  class=\"font-500\" data-lt-tmp-id=\"lt-827442\" data-gramm=\"false\">Cl\u00e1udio Thurler de Lima J\u00fanior<\/h4> <p  class=\"small\" style=\"font-style: italic;\" data-lt-tmp-id=\"lt-948642\" data-gramm=\"false\">Attorney specializing in Civil Procedure, practicing in the areas of Civil Law, Real Estate Law, Registry Law, and Strategic Litigation.<\/p> <div  class=\"social-icons-group\" data-type=\"group\"> <a  href=\"#\"><i  class=\"gray fa icon fa-facebook-square small\"><\/i><\/a> <a  href=\"#\"><i  class=\"gray fa icon fa-twitter-square small\"><\/i><\/a> <a  href=\"#\"><i  class=\"gray fa icon fa-linkedin-square small\"><\/i><\/a> <a  href=\"#\"><i  class=\"gray fa icon fa-google-plus-square small\"><\/i><\/a><\/div> <\/div><\/div> <\/div> <div  class=\"col-xs-12 col-sm-6 col-md-4\"> <div  class=\"card bottom-border-color1 no-padding no-shadow\"> <img  decoding=\"async\" class=\"face\" src=\"https:\/\/www.nobregaethurler.com\/wp-content\/uploads\/2026\/02\/Carlos-Barros.png\" title=\"Carlos Barros\" alt=\"\"> <div  data-type=\"column\" class=\"col-padding-small col-padding-small-xs description-container\"> <h4  class=\"font-500\" data-lt-tmp-id=\"lt-868596\" data-gramm=\"false\">Carlos Barros<\/h4> <p  class=\"small\" style=\"font-style: italic;\" data-lt-tmp-id=\"lt-535308\" data-gramm=\"false\">Attorney specializing in Civil Law and Civil Procedure, with a postgraduate degree in Public Procurement and Public Contracts.<\/p> <div  class=\"social-icons-group\" data-type=\"group\"> <a  href=\"#\"><i  class=\"gray fa icon fa-facebook-square small\"><\/i><\/a> <a  href=\"#\"><i  class=\"gray fa icon fa-twitter-square small\"><\/i><\/a> <a  href=\"#\"><i  class=\"gray fa icon fa-linkedin-square small\"><\/i><\/a> <a  href=\"#\"><i  class=\"gray fa icon fa-google-plus-square small\"><\/i><\/a><\/div> <\/div><\/div> <\/div> <div  class=\"col-xs-12 col-sm-6 col-md-4\"> <div  class=\"card bottom-border-color1 no-padding no-shadow\"> <img  decoding=\"async\" class=\"face\" src=\"https:\/\/www.nobregaethurler.com\/wp-content\/uploads\/2026\/02\/Renata-Thurler__.png\" title=\"Renata Thurler__\" alt=\"\"> <div  data-type=\"column\" class=\"col-padding-small col-padding-small-xs description-container\"> <h4  class=\"font-500\" data-lt-tmp-id=\"lt-989517\" data-gramm=\"false\">Renata Thurler<\/h4> <p  class=\"small\" style=\"font-style: italic;\" data-lt-tmp-id=\"lt-527461\" data-gramm=\"false\">Attorney specializing in Procedural Law, with solid experience in Tax Law and Business Law.<\/p> <div  class=\"social-icons-group\" data-type=\"group\"> <a  href=\"#\"><i  class=\"gray fa icon fa-facebook-square small\"><\/i><\/a> <a  href=\"#\"><i  class=\"gray fa icon fa-twitter-square small\"><\/i><\/a> <a  href=\"#\"><i  class=\"gray fa icon fa-linkedin-square small\"><\/i><\/a> <a  href=\"#\"><i  class=\"gray fa icon fa-google-plus-square small\"><\/i><\/a><\/div> <\/div><\/div> <\/div> <div  class=\"col-xs-12 col-sm-6 col-md-4\"> <div  class=\"card bottom-border-color1 no-padding no-shadow\"> <img  decoding=\"async\" class=\"face\" src=\"https:\/\/www.nobregaethurler.com\/wp-content\/uploads\/2026\/02\/cropped-Bianca-Louchard.png\" title=\"cropped-Bianca-Louchard.png\" alt=\"\"> <div  data-type=\"column\" class=\"col-padding-small col-padding-small-xs description-container\"> <h4  class=\"font-500\" data-lt-tmp-id=\"lt-392242\" data-gramm=\"false\">Bianca Louchard<\/h4> <p  class=\"small\" style=\"font-style: italic;\" data-lt-tmp-id=\"lt-485941\" data-gramm=\"false\">Attorney specializing in Civil Law, with a postgraduate degree in Civil Law and Civil Procedure, with an emphasis on Legal Entrepreneurship.<\/p> <div  class=\"social-icons-group\" data-type=\"group\"> <a  href=\"#\"><i  class=\"gray fa icon fa-facebook-square small\"><\/i><\/a> <a  href=\"#\"><i  class=\"gray fa icon fa-twitter-square small\"><\/i><\/a> <a  href=\"#\"><i  class=\"gray fa icon fa-linkedin-square small\"><\/i><\/a> <a  href=\"#\"><i  class=\"gray fa icon fa-google-plus-square small\"><\/i><\/a><\/div> <\/div><\/div> <\/div> <div  class=\"col-xs-12 col-sm-6 col-md-4\"> <div  class=\"card bottom-border-color1 no-padding no-shadow\"> <img  decoding=\"async\" class=\"face\" src=\"https:\/\/www.nobregaethurler.com\/wp-content\/uploads\/2026\/02\/cropped-DSC_2489-scaled-1.png\" title=\"DSC_2489\" alt=\"\"> <div  data-type=\"column\" class=\"col-padding-small col-padding-small-xs description-container\"> <h4  class=\"font-500\" data-gramm=\"false\">Th\u00e1bata Thom\u00e9 de Deus<\/h4> <p  class=\"small\" style=\"font-style: italic;\" data-lt-tmp-id=\"lt-37428\" data-gramm=\"false\">Attorney specializing in Civil Law, Consumer Law, and Family Law.<\/p> <div  class=\"social-icons-group\" data-type=\"group\"> <a  href=\"#\"><i  class=\"gray fa icon fa-facebook-square small\"><\/i><\/a> <a  href=\"#\"><i  class=\"gray fa icon fa-twitter-square small\"><\/i><\/a> <a  href=\"#\"><i  class=\"gray fa icon fa-linkedin-square small\"><\/i><\/a> <a  href=\"#\"><i  class=\"gray fa icon fa-google-plus-square small\"><\/i><\/a><\/div> <\/div><\/div> <\/div><div  class=\"col-xs-12 col-sm-6 col-md-4\"> <div  class=\"card bottom-border-color1 no-padding no-shadow\"> <img  decoding=\"async\" class=\"face\" src=\"https:\/\/www.nobregaethurler.com\/wp-content\/uploads\/2026\/02\/Glaucia-Rocha.png\" title=\"Glaucia Rocha\" alt=\"\"> <div  data-type=\"column\" class=\"col-padding-small col-padding-small-xs description-container\"> <h4  class=\"font-500\" data-lt-tmp-id=\"lt-468561\" data-gramm=\"false\">Glaucia Rocha<\/h4> <p  class=\"small\" style=\"font-style: italic;\" data-lt-tmp-id=\"lt-959385\" data-gramm=\"false\">Attorney specializing in Insurance Law, Civil Liability, and Consumer Law.<\/p> <div  class=\"social-icons-group\" data-type=\"group\"> <a  href=\"#\"><i  class=\"gray fa icon fa-facebook-square small\"><\/i><\/a> <a  href=\"#\"><i  class=\"gray fa icon fa-twitter-square small\"><\/i><\/a> <a  href=\"#\"><i  class=\"gray fa icon fa-linkedin-square small\"><\/i><\/a> <a  href=\"#\"><i  class=\"gray fa icon fa-google-plus-square small\"><\/i><\/a><\/div> <\/div><\/div> <\/div> <div  class=\"col-xs-12 col-sm-6 col-md-4\"> <div  class=\"card bottom-border-color1 no-padding no-shadow\"> <img  decoding=\"async\" class=\"face\" src=\"https:\/\/www.nobregaethurler.com\/wp-content\/uploads\/2026\/02\/Anderson-F-scaled.png\" title=\"Anderson F\" alt=\"\"> <div  data-type=\"column\" class=\"col-padding-small col-padding-small-xs description-container\"> <h4  class=\"font-500\" data-lt-tmp-id=\"lt-255329\" data-gramm=\"false\">Anderson Chagas Farias<\/h4> <p  class=\"small\" style=\"font-style: italic;\" data-lt-tmp-id=\"lt-753642\" data-gramm=\"false\">Attorney specializing in Civil Procedural Law<\/p> <div  class=\"social-icons-group\" data-type=\"group\"> <a  href=\"#\"><i  class=\"gray fa icon fa-facebook-square small\"><\/i><\/a> <a  href=\"#\"><i  class=\"gray fa icon fa-twitter-square small\"><\/i><\/a> <a  href=\"#\"><i  class=\"gray fa icon fa-linkedin-square small\"><\/i><\/a> <a  href=\"#\"><i  class=\"gray fa icon fa-google-plus-square small\"><\/i><\/a><\/div> <\/div><\/div> <\/div> <div  class=\"col-xs-12 col-sm-6 col-md-4\"> <div  class=\"card bottom-border-color1 no-padding no-shadow\"> <img  decoding=\"async\" class=\"face\" src=\"https:\/\/www.nobregaethurler.com\/wp-content\/uploads\/2026\/02\/Thaina-Martins-scaled.png\" title=\"Thaina\u0301 Martins\" alt=\"\"> <div  data-type=\"column\" class=\"col-padding-small col-padding-small-xs description-container\"> <h4  class=\"font-500\" data-lt-tmp-id=\"lt-951088\" data-gramm=\"false\">Thain\u00e1 Martins<\/h4> <p  class=\"small\" style=\"font-style: italic;\" data-lt-tmp-id=\"lt-766167\" data-gramm=\"false\">Attorney specializing in Labor Law, with a postgraduate degree in Labor Law and Labor Procedure.<\/p> <div  class=\"social-icons-group\" data-type=\"group\"> <a  href=\"#\"><i  class=\"gray fa icon fa-facebook-square small\"><\/i><\/a> <a  href=\"#\"><i  class=\"gray fa icon fa-twitter-square small\"><\/i><\/a> <a  href=\"#\"><i  class=\"gray fa icon fa-linkedin-square small\"><\/i><\/a> <a  href=\"#\"><i  class=\"gray fa icon fa-google-plus-square small\"><\/i><\/a><\/div> <\/div><\/div> <\/div><div  class=\"col-xs-12 col-sm-6 col-md-4\"> <div  data-type=\"column\" class=\"card bottom-border-color1 no-padding no-shadow\"> <img  decoding=\"async\" class=\"face\" src=\"https:\/\/www.nobregaethurler.com\/wp-content\/uploads\/2026\/02\/Beatriz-Leite.png\" title=\"Beatriz Leite\" alt=\"\"> <div  data-type=\"column\" class=\"col-padding-small col-padding-small-xs description-container\"> <h4  class=\"font-500\" data-lt-tmp-id=\"lt-287978\" data-gramm=\"false\">Beatriz Leite<\/h4> <p  class=\"small\" style=\"font-style: italic;\" data-lt-tmp-id=\"lt-550265\" data-gramm=\"false\">Attorney specializing in Civil Law and Business Law<\/p> <div  class=\"social-icons-group\" data-type=\"group\"> <a  href=\"#\"><i  class=\"gray fa icon fa-facebook-square small\"><\/i><\/a> <a  href=\"#\"><i  class=\"gray fa icon fa-twitter-square small\"><\/i><\/a> <a  href=\"#\"><i  class=\"gray fa icon fa-linkedin-square small\"><\/i><\/a> <a  href=\"#\"><i  class=\"gray fa icon fa-google-plus-square small\"><\/i><\/a><\/div> <\/div><\/div> <\/div><\/div> <\/div><\/div>","protected":false},"excerpt":{"rendered":"<p>Conhe\u00e7a os profissionais que fazem parte do nosso escrit\u00f3rio e est\u00e3o prontos para oferecer orienta\u00e7\u00e3o jur\u00eddica com excel\u00eancia, \u00e9tica e dedica\u00e7\u00e3o. Nossa equipe \u00e9 formada por advogadas(os) experientes e comprometidas(os), que atuam de maneira estrat\u00e9gica e personalizada para atender \u00e0s necessidades de cada cliente. Henrique Couto da N\u00f3brega Advogado e Procurador da UERJ, Doutorando e&hellip; <br \/> <a class=\"read-more\" href=\"https:\/\/www.nobregaethurler.com\/en\/socios\/\">Read more<\/a><\/p>","protected":false},"author":1,"featured_media":0,"parent":0,"menu_order":0,"comment_status":"closed","ping_status":"closed","template":"pro\/page-templates\/full-width-page.php","meta":{"pagelayer_contact_templates":[],"_pagelayer_content":"","footnotes":""},"class_list":["post-240","page","type-page","status-publish","hentry"],"_links":{"self":[{"href":"https:\/\/www.nobregaethurler.com\/en\/wp-json\/wp\/v2\/pages\/240","targetHints":{"allow":["GET"]}}],"collection":[{"href":"https:\/\/www.nobregaethurler.com\/en\/wp-json\/wp\/v2\/pages"}],"about":[{"href":"https:\/\/www.nobregaethurler.com\/en\/wp-json\/wp\/v2\/types\/page"}],"author":[{"embeddable":true,"href":"https:\/\/www.nobregaethurler.com\/en\/wp-json\/wp\/v2\/users\/1"}],"replies":[{"embeddable":true,"href":"https:\/\/www.nobregaethurler.com\/en\/wp-json\/wp\/v2\/comments?post=240"}],"version-history":[{"count":7,"href":"https:\/\/www.nobregaethurler.com\/en\/wp-json\/wp\/v2\/pages\/240\/revisions"}],"predecessor-version":[{"id":263,"href":"https:\/\/www.nobregaethurler.com\/en\/wp-json\/wp\/v2\/pages\/240\/revisions\/263"}],"wp:attachment":[{"href":"https:\/\/www.nobregaethurler.com\/en\/wp-json\/wp\/v2\/media?parent=240"}],"curies":[{"name":"wp","href":"https:\/\/api.w.org\/{rel}","templated":true}]}}